{"id":28,"date":"2025-04-25T12:11:43","date_gmt":"2025-04-25T12:11:43","guid":{"rendered":"https:\/\/kaminski-trans.eu\/?page_id=28"},"modified":"2025-04-27T11:09:16","modified_gmt":"2025-04-27T11:09:16","slug":"contact","status":"publish","type":"page","link":"https:\/\/kaminski-trans.eu\/index.php\/contact\/","title":{"rendered":"Kontakt"},"content":{"rendered":"\n<p><\/p>\n\n\n\n<h1 class=\"wp-block-heading has-text-align-center\"><\/h1>\n\n\n\n<p class=\"has-text-align-center\">Jeste\u015bmy do Twojej dyspozycji. Wybierz dogodn\u0105 form\u0119 kontaktu i powiedz nam, jak mo\u017cemy Ci pom\u00f3c.<\/p>\n\n\n\n<hr class=\"wp-block-separator has-alpha-channel-opacity\"\/>\n\n\n\n<p><\/p>\n\n\n\n<h2 class=\"wp-block-heading has-text-align-center\">Dane kontaktowe<\/h2>\n\n\n\n<p class=\"has-text-align-center\"><strong>[Nazwa Twojej firmy transportowej]<\/strong><br>ul. [Nazwa ulicy] [numer]<br>[kod pocztowy] [miasto]<\/p>\n\n\n\n<p class=\"has-text-align-center\">\u260e\ufe0f <strong>Telefon:<\/strong><br>+48 [numer telefonu]<\/p>\n\n\n\n<p class=\"has-text-align-center\">\u2709\ufe0f <strong>E-mail:<\/strong><\/p>\n\n\n\n<p class=\"has-text-align-center\">[adres email]<\/p>\n\n\n\n<p><\/p>\n\n\n\n<hr class=\"wp-block-separator has-alpha-channel-opacity\"\/>\n","protected":false},"excerpt":{"rendered":"<p>Jeste\u015bmy do Twojej dyspozycji. Wybierz dogodn\u0105 form\u0119 kontaktu i powiedz nam, jak mo\u017cemy Ci pom\u00f3c. Dane kontaktowe [Nazwa Twojej firmy transportowej]ul. [Nazwa ulicy] [numer][kod pocztowy] [miasto] \u260e\ufe0f Telefon:+48 [numer telefonu] \u2709\ufe0f E-mail: [adres email]<\/p>\n","protected":false},"author":1,"featured_media":0,"parent":0,"menu_order":0,"comment_status":"closed","ping_status":"closed","template":"","meta":{"_regular_price":[],"currency_symbol":[],"footnotes":""},"class_list":["post-28","page","type-page","status-publish","hentry"],"post_slider_layout_featured_media_urls":{"thumbnail":"","post_slider_layout_landscape_large":"","post_slider_layout_portrait_large":"","post_slider_layout_square_large":"","post_slider_layout_landscape":"","post_slider_layout_portrait":"","post_slider_layout_square":"","full":""},"_links":{"self":[{"href":"https:\/\/kaminski-trans.eu\/index.php\/wp-json\/wp\/v2\/pages\/28","targetHints":{"allow":["GET"]}}],"collection":[{"href":"https:\/\/kaminski-trans.eu\/index.php\/wp-json\/wp\/v2\/pages"}],"about":[{"href":"https:\/\/kaminski-trans.eu\/index.php\/wp-json\/wp\/v2\/types\/page"}],"author":[{"embeddable":true,"href":"https:\/\/kaminski-trans.eu\/index.php\/wp-json\/wp\/v2\/users\/1"}],"replies":[{"embeddable":true,"href":"https:\/\/kaminski-trans.eu\/index.php\/wp-json\/wp\/v2\/comments?post=28"}],"version-history":[{"count":7,"href":"https:\/\/kaminski-trans.eu\/index.php\/wp-json\/wp\/v2\/pages\/28\/revisions"}],"predecessor-version":[{"id":109,"href":"https:\/\/kaminski-trans.eu\/index.php\/wp-json\/wp\/v2\/pages\/28\/revisions\/109"}],"wp:attachment":[{"href":"https:\/\/kaminski-trans.eu\/index.php\/wp-json\/wp\/v2\/media?parent=28"}],"curies":[{"name":"wp","href":"https:\/\/api.w.org\/{rel}","templated":true}]}}