{"id":31,"date":"2025-04-25T12:19:42","date_gmt":"2025-04-25T12:19:42","guid":{"rendered":"https:\/\/kaminski-trans.eu\/?page_id=31"},"modified":"2025-04-27T11:07:21","modified_gmt":"2025-04-27T11:07:21","slug":"kariera","status":"publish","type":"page","link":"https:\/\/kaminski-trans.eu\/index.php\/kariera\/","title":{"rendered":"Rekrutacja"},"content":{"rendered":"\n<div class=\"wp-block-ive-accordion alignnone\"><div class=\"ive-accordion-wrap ive-accordion-wrap ive-accordion-_9d8e4e-f1 ive-accordion-has-4-panes ive-active-pane-0 ive-accordion-block ive-pane-header-alignment-left ive-accodion-icon-style-basic ive-accodion-icon-side-right\"><div class=\"ive-accordion-inner-wrap ive-start-active-pane-1 ive-accordion-_9d8e4e-f1 ive-accodion-icon-style-basic ive-accodion-icon-side-right\" data-allow-multiple-open=\"false\" data-start-open=\"0\">\n<div class=\"wp-block-ive-pane ive-accordion-pane ive-accordion-pane-1 ive-pane_36fcd1-4f\"><div class=\"ive-accordion-header-wrap\"><button class=\"ive-blocks-accordion-header ive-acccordion-button-label-show d-flex justify-content-start justify-content-md-start ive-accordions-xl-start\"><span class=\"ive-blocks-accordion-title-wrap\"><span class=\"ive-blocks-accordion-title\">Kierowca<\/span><\/span><span class=\"ive-blocks-accordion-icon-trigger\"><\/span><\/button><\/div><div class=\"ive-accordion-panel\"><div class=\"ive-accordion-panel-inner\">\n<p class=\"has-text-align-center\"><strong>Do\u0142\u0105cz do naszego zespo\u0142u kierowc\u00f3w!<\/strong><br>Szukasz stabilnej pracy w transporcie? Nasza firma to miejsce dla Ciebie! Oferujemy nowoczesn\u0105 flot\u0119, terminowe wynagrodzenia i przyjazn\u0105 atmosfer\u0119 pracy. Dbamy o komfort i bezpiecze\u0144stwo naszych kierowc\u00f3w, zapewniaj\u0105c jasne warunki zatrudnienia i wsparcie na ka\u017cdym etapie realizacji zlece\u0144. Je\u015bli masz prawo jazdy kategorii C+E i chcesz rozwija\u0107 si\u0119 w profesjonalnym \u015brodowisku, zapraszamy do aplikowania!<\/p>\n\n\n\n<div style=\"height:20px\" aria-hidden=\"true\" class=\"wp-block-spacer\"><\/div>\n\n\n\n<div class=\"wp-block-buttons is-content-justification-center is-layout-flex wp-container-core-buttons-is-layout-b5994976 wp-block-buttons-is-layout-flex\">\n<div class=\"wp-block-button\"><a class=\"wp-block-button__link wp-element-button\" href=\"https:\/\/kaminski-trans.eu\/index.php\/contact\/\">Aplikuj<\/a><\/div>\n<\/div>\n\n\n\n<p><\/p>\n\n\n\n<figure class=\"wp-block-image size-large\"><img loading=\"lazy\" decoding=\"async\" width=\"1024\" height=\"576\" src=\"https:\/\/kaminski-trans.eu\/wp-content\/uploads\/2025\/04\/actrosL_500t_sicherheit_16x9-1024x576.jpg\" alt=\"\" class=\"wp-image-104\" srcset=\"https:\/\/kaminski-trans.eu\/wp-content\/uploads\/2025\/04\/actrosL_500t_sicherheit_16x9-1024x576.jpg 1024w, https:\/\/kaminski-trans.eu\/wp-content\/uploads\/2025\/04\/actrosL_500t_sicherheit_16x9-300x169.jpg 300w, https:\/\/kaminski-trans.eu\/wp-content\/uploads\/2025\/04\/actrosL_500t_sicherheit_16x9-768x432.jpg 768w, https:\/\/kaminski-trans.eu\/wp-content\/uploads\/2025\/04\/actrosL_500t_sicherheit_16x9-1536x864.jpg 1536w, https:\/\/kaminski-trans.eu\/wp-content\/uploads\/2025\/04\/actrosL_500t_sicherheit_16x9-2048x1152.jpg 2048w\" sizes=\"auto, (max-width: 1024px) 100vw, 1024px\" \/><\/figure>\n<\/div><\/div><\/div>\n\n\n\n<div class=\"wp-block-ive-pane ive-accordion-pane ive-accordion-pane-2 ive-pane_ce9dc7-c7\"><div class=\"ive-accordion-header-wrap\"><button class=\"ive-blocks-accordion-header ive-acccordion-button-label-show d-flex justify-content-start justify-content-md-start ive-accordions-xl-start\"><span class=\"ive-blocks-accordion-title-wrap\"><span class=\"ive-blocks-accordion-title\">Spedytor<\/span><\/span><span class=\"ive-blocks-accordion-icon-trigger\"><\/span><\/button><\/div><div class=\"ive-accordion-panel\"><div class=\"ive-accordion-panel-inner\">\n<p class=\"has-text-align-center\"><strong>Zosta\u0144 cz\u0119\u015bci\u0105 naszego zespo\u0142u spedytor\u00f3w!<\/strong><br>Szukamy os\u00f3b zorganizowanych, komunikatywnych i nastawionych na rozw\u00f3j. Jako spedytor w naszej firmie b\u0119dziesz odpowiedzialny za planowanie transport\u00f3w, kontakt z klientami oraz koordynacj\u0119 pracy kierowc\u00f3w. Oferujemy atrakcyjne warunki pracy, wsparcie zespo\u0142u oraz mo\u017cliwo\u015b\u0107 rozwoju zawodowego w dynamicznej bran\u017cy logistycznej. Je\u015bli lubisz prac\u0119 w szybkim tempie i nie boisz si\u0119 wyzwa\u0144, wy\u015blij nam swoje CV!<\/p>\n\n\n\n<p><\/p>\n\n\n\n<div class=\"wp-block-buttons is-content-justification-center is-layout-flex wp-container-core-buttons-is-layout-a89b3969 wp-block-buttons-is-layout-flex\">\n<div class=\"wp-block-button\"><a class=\"wp-block-button__link wp-element-button\" href=\"https:\/\/kaminski-trans.eu\/index.php\/contact\/\">Aplikuj<\/a><\/div>\n<\/div>\n\n\n\n<p><\/p>\n\n\n\n<figure class=\"wp-block-image size-large\"><img loading=\"lazy\" decoding=\"async\" width=\"1024\" height=\"682\" src=\"https:\/\/kaminski-trans.eu\/wp-content\/uploads\/2025\/04\/BBA_Transport_System_Spedycja-1024x682.jpg\" alt=\"\" class=\"wp-image-105\" srcset=\"https:\/\/kaminski-trans.eu\/wp-content\/uploads\/2025\/04\/BBA_Transport_System_Spedycja-1024x682.jpg 1024w, https:\/\/kaminski-trans.eu\/wp-content\/uploads\/2025\/04\/BBA_Transport_System_Spedycja-300x200.jpg 300w, https:\/\/kaminski-trans.eu\/wp-content\/uploads\/2025\/04\/BBA_Transport_System_Spedycja-768x512.jpg 768w, https:\/\/kaminski-trans.eu\/wp-content\/uploads\/2025\/04\/BBA_Transport_System_Spedycja-1200x800.jpg 1200w, https:\/\/kaminski-trans.eu\/wp-content\/uploads\/2025\/04\/BBA_Transport_System_Spedycja-600x400.jpg 600w, https:\/\/kaminski-trans.eu\/wp-content\/uploads\/2025\/04\/BBA_Transport_System_Spedycja.jpg 1280w\" sizes=\"auto, (max-width: 1024px) 100vw, 1024px\" \/><\/figure>\n<\/div><\/div><\/div>\n\n\n\n<div class=\"wp-block-ive-pane ive-accordion-pane ive-accordion-pane-4 ive-pane_35a232-50\"><div class=\"ive-accordion-header-wrap\"><button class=\"ive-blocks-accordion-header ive-acccordion-button-label-show d-flex justify-content-start justify-content-md-start ive-accordions-xl-start\"><span class=\"ive-blocks-accordion-title-wrap\"><span class=\"ive-blocks-accordion-title\">Inne<\/span><\/span><span class=\"ive-blocks-accordion-icon-trigger\"><\/span><\/button><\/div><div class=\"ive-accordion-panel\"><div class=\"ive-accordion-panel-inner\">\n<p><\/p>\n<\/div><\/div><\/div>\n<\/div><\/div><\/div>\n","protected":false},"excerpt":{"rendered":"","protected":false},"author":1,"featured_media":0,"parent":0,"menu_order":0,"comment_status":"closed","ping_status":"closed","template":"","meta":{"_regular_price":[],"currency_symbol":[],"footnotes":""},"class_list":["post-31","page","type-page","status-publish","hentry"],"post_slider_layout_featured_media_urls":{"thumbnail":"","post_slider_layout_landscape_large":"","post_slider_layout_portrait_large":"","post_slider_layout_square_large":"","post_slider_layout_landscape":"","post_slider_layout_portrait":"","post_slider_layout_square":"","full":""},"_links":{"self":[{"href":"https:\/\/kaminski-trans.eu\/index.php\/wp-json\/wp\/v2\/pages\/31","targetHints":{"allow":["GET"]}}],"collection":[{"href":"https:\/\/kaminski-trans.eu\/index.php\/wp-json\/wp\/v2\/pages"}],"about":[{"href":"https:\/\/kaminski-trans.eu\/index.php\/wp-json\/wp\/v2\/types\/page"}],"author":[{"embeddable":true,"href":"https:\/\/kaminski-trans.eu\/index.php\/wp-json\/wp\/v2\/users\/1"}],"replies":[{"embeddable":true,"href":"https:\/\/kaminski-trans.eu\/index.php\/wp-json\/wp\/v2\/comments?post=31"}],"version-history":[{"count":9,"href":"https:\/\/kaminski-trans.eu\/index.php\/wp-json\/wp\/v2\/pages\/31\/revisions"}],"predecessor-version":[{"id":108,"href":"https:\/\/kaminski-trans.eu\/index.php\/wp-json\/wp\/v2\/pages\/31\/revisions\/108"}],"wp:attachment":[{"href":"https:\/\/kaminski-trans.eu\/index.php\/wp-json\/wp\/v2\/media?parent=31"}],"curies":[{"name":"wp","href":"https:\/\/api.w.org\/{rel}","templated":true}]}}